{"id":101,"date":"2021-03-03T15:39:55","date_gmt":"2021-03-03T14:39:55","guid":{"rendered":"http:\/\/plateformes.didactiques.mediationsemiotiques.com\/pd\/?page_id=101"},"modified":"2021-06-18T16:13:06","modified_gmt":"2021-06-18T14:13:06","slug":"localiser-lanthropocene","status":"publish","type":"page","link":"https:\/\/plateformes.didactiques.mediationsemiotiques.com\/pd\/?page_id=101","title":{"rendered":"Localisation"},"content":{"rendered":"<p><strong>O\u00f9 se situe l&rsquo;anthropoc\u00e8ne ?<\/strong><\/p>\n<p>Du super \u00e9on pr\u00e9cambrien, la p\u00e9riode la plus longue de l&rsquo;\u00e9volution g\u00e9ologique (90% de la dur\u00e9e totale) \u2013 compos\u00e9 des trois principaux \u00e9ons ayant d\u00e9velopp\u00e9 toutes les conditions n\u00e9cessaires \u00e0 la vie [formation des oc\u00e9ans, de l&rsquo;atmosph\u00e8re, de la lune et des conditions chimiques (voir exp\u00e9rience de Stanley Miller)] \u2013\u00a0jusqu&rsquo;\u00e0 l&rsquo;anthropoc\u00e8ne [\u00e0 situer dans le Phan\u00e9rozo\u00efque (l&rsquo;\u00e9on actuel)], \u00e0 savoir, une \u00ab\u00a0temporalit\u00e9\u00a0\u00bb g\u00e9ologique d\u00e9finie par l&rsquo;impact de l&rsquo;esp\u00e8ce humaine sur l&rsquo;\u00e9quilibre de la biosph\u00e8re.<\/p>\n<h4>Anthropoc\u00e8ne et strates g\u00e9ologiques<\/h4>\n<p>Avons-nous cr\u00e9\u00e9 une nouvelle \u00e9poque Anthropoc\u00e8nique marquant la fin de l&rsquo;Holoc\u00e8ne ? Sommes-nous \u00e0 l&rsquo;origine d&rsquo;une nouvelle p\u00e9riode \u00ab\u00a0Anthropog\u00e9nique\u00a0\u00bb succ\u00e9dant au quaternaire ? O\u00f9 alors sommes-nous parvenus, \u00e0 notre \u00e9chelle, \u00e0 former une toute nouvelle \u00e8re \u00ab\u00a0Anthropozo\u00efque\u00a0\u00bb\u00a0 prenant le pas sur le C\u00e9nozo\u00efque ?<\/p>\n<p>La premi\u00e8re hypoth\u00e8se induirait que cette couche g\u00e9ologique cr\u00e9\u00e9e par l&rsquo;\u00eatre humain serait une alt\u00e9ration organique du syst\u00e8me terrestre, la seconde impliquerait des changements de l&rsquo;ordre environnemental et la derni\u00e8re, un bouleversement g\u00e9ologique ce qui, en th\u00e9orie, ne peut pas \u00eatre le fruit d&rsquo;une seule esp\u00e8ce animale.<\/p>\n<p>La question sous-entendue dans l&rsquo;animation ci-dessus est celle que se posent plusieurs g\u00e9ologues en essayant de d\u00e9terminer l&rsquo;\u00e9chelle \u00e0 laquelle nous aurions impact\u00e9 le processus \u00e9volutif terrestre.<\/p>\n<h4><img loading=\"lazy\" class=\"alignnone size-full wp-image-1050\" src=\"https:\/\/plateformes.didactiques.mediationsemiotiques.com\/pd\/wp-content\/uploads\/2021\/05\/Animation-question-anthropos.gif\" alt=\"Animation localisation temporalit\u00e9 g\u00e9ologique anthropique\" width=\"1400\" height=\"700\" \/><\/h4>\n<div id=\"animation_container\" style=\"background-color: rgba(255, 255, 255, 1.00); width: 2048px; height: 768px;\">\u00a0<\/div>\n","protected":false},"excerpt":{"rendered":"<p>O\u00f9 se situe l&rsquo;anthropoc\u00e8ne ? Du super \u00e9on pr\u00e9cambrien, la p\u00e9riode la plus longue de l&rsquo;\u00e9volution g\u00e9ologique (90% de la dur\u00e9e totale) \u2013 compos\u00e9 des trois principaux \u00e9ons ayant d\u00e9velopp\u00e9 toutes les conditions n\u00e9cessaires \u00e0 la vie [formation des oc\u00e9ans, de l&rsquo;atmosph\u00e8re, de la lune et des conditions chimiques (voir exp\u00e9rience de Stanley Miller)] \u2013\u00a0jusqu&rsquo;\u00e0 &hellip; <\/p>\n<p class=\"link-more\"><a href=\"https:\/\/plateformes.didactiques.mediationsemiotiques.com\/pd\/?page_id=101\" class=\"more-link\">Continuer la lecture<span class=\"screen-reader-text\"> de &laquo;&nbsp;Localisation&nbsp;&raquo;<\/span><\/a><\/p>\n","protected":false},"author":13,"featured_media":0,"parent":0,"menu_order":0,"comment_status":"closed","ping_status":"closed","template":"","meta":[],"_links":{"self":[{"href":"https:\/\/plateformes.didactiques.mediationsemiotiques.com\/pd\/index.php?rest_route=\/wp\/v2\/pages\/101"}],"collection":[{"href":"https:\/\/plateformes.didactiques.mediationsemiotiques.com\/pd\/index.php?rest_route=\/wp\/v2\/pages"}],"about":[{"href":"https:\/\/plateformes.didactiques.mediationsemiotiques.com\/pd\/index.php?rest_route=\/wp\/v2\/types\/page"}],"author":[{"embeddable":true,"href":"https:\/\/plateformes.didactiques.mediationsemiotiques.com\/pd\/index.php?rest_route=\/wp\/v2\/users\/13"}],"replies":[{"embeddable":true,"href":"https:\/\/plateformes.didactiques.mediationsemiotiques.com\/pd\/index.php?rest_route=%2Fwp%2Fv2%2Fcomments&post=101"}],"version-history":[{"count":29,"href":"https:\/\/plateformes.didactiques.mediationsemiotiques.com\/pd\/index.php?rest_route=\/wp\/v2\/pages\/101\/revisions"}],"predecessor-version":[{"id":1084,"href":"https:\/\/plateformes.didactiques.mediationsemiotiques.com\/pd\/index.php?rest_route=\/wp\/v2\/pages\/101\/revisions\/1084"}],"wp:attachment":[{"href":"https:\/\/plateformes.didactiques.mediationsemiotiques.com\/pd\/index.php?rest_route=%2Fwp%2Fv2%2Fmedia&parent=101"}],"curies":[{"name":"wp","href":"https:\/\/api.w.org\/{rel}","templated":true}]}}