{"id":1169,"date":"2024-03-20T16:46:33","date_gmt":"2024-03-20T15:46:33","guid":{"rendered":"https:\/\/plateformes.didactiques.mediationsemiotiques.com\/pd\/?page_id=1169"},"modified":"2025-05-21T08:06:02","modified_gmt":"2025-05-21T06:06:02","slug":"materiaux","status":"publish","type":"page","link":"https:\/\/plateformes.didactiques.mediationsemiotiques.com\/pd\/?page_id=1169","title":{"rendered":"Mat\u00e9riaux"},"content":{"rendered":"<p>Quels mat\u00e9riaux sont les plus caract\u00e9ristiques de \u00a0l&rsquo;Anthropoc\u00e8ne ? Cette section explore les nouvelles mati\u00e8res et leurs implications technologiques, \u00e9cologiques et sociales de leur emploi. La liste, susceptible de prolongements, \u00a0concerne d&rsquo;abord :<\/p>\n<ul>\n<li style=\"list-style-type: none;\">\n<ul>\n<li>Les <strong>plastiques<\/strong><\/li>\n<li>Le <strong>graph\u00e8ne<\/strong><\/li>\n<li>Les <strong>biomat\u00e9riaux<\/strong><\/li>\n<\/ul>\n<\/li>\n<\/ul>\n","protected":false},"excerpt":{"rendered":"<p>Quels mat\u00e9riaux sont les plus caract\u00e9ristiques de \u00a0l&rsquo;Anthropoc\u00e8ne ? Cette section explore les nouvelles mati\u00e8res et leurs implications technologiques, \u00e9cologiques et sociales de leur emploi. La liste, susceptible de prolongements, \u00a0concerne d&rsquo;abord : Les plastiques Le graph\u00e8ne Les biomat\u00e9riaux<\/p>\n","protected":false},"author":1,"featured_media":0,"parent":0,"menu_order":0,"comment_status":"closed","ping_status":"closed","template":"","meta":[],"_links":{"self":[{"href":"https:\/\/plateformes.didactiques.mediationsemiotiques.com\/pd\/index.php?rest_route=\/wp\/v2\/pages\/1169"}],"collection":[{"href":"https:\/\/plateformes.didactiques.mediationsemiotiques.com\/pd\/index.php?rest_route=\/wp\/v2\/pages"}],"about":[{"href":"https:\/\/plateformes.didactiques.mediationsemiotiques.com\/pd\/index.php?rest_route=\/wp\/v2\/types\/page"}],"author":[{"embeddable":true,"href":"https:\/\/plateformes.didactiques.mediationsemiotiques.com\/pd\/index.php?rest_route=\/wp\/v2\/users\/1"}],"replies":[{"embeddable":true,"href":"https:\/\/plateformes.didactiques.mediationsemiotiques.com\/pd\/index.php?rest_route=%2Fwp%2Fv2%2Fcomments&post=1169"}],"version-history":[{"count":7,"href":"https:\/\/plateformes.didactiques.mediationsemiotiques.com\/pd\/index.php?rest_route=\/wp\/v2\/pages\/1169\/revisions"}],"predecessor-version":[{"id":1232,"href":"https:\/\/plateformes.didactiques.mediationsemiotiques.com\/pd\/index.php?rest_route=\/wp\/v2\/pages\/1169\/revisions\/1232"}],"wp:attachment":[{"href":"https:\/\/plateformes.didactiques.mediationsemiotiques.com\/pd\/index.php?rest_route=%2Fwp%2Fv2%2Fmedia&parent=1169"}],"curies":[{"name":"wp","href":"https:\/\/api.w.org\/{rel}","templated":true}]}}