{"id":1198,"date":"2025-05-17T10:58:56","date_gmt":"2025-05-17T08:58:56","guid":{"rendered":"https:\/\/plateformes.didactiques.mediationsemiotiques.com\/pd\/?page_id=1198"},"modified":"2025-05-21T08:58:57","modified_gmt":"2025-05-21T06:58:57","slug":"introduction","status":"publish","type":"page","link":"https:\/\/plateformes.didactiques.mediationsemiotiques.com\/pd\/?page_id=1198","title":{"rendered":"Introduction"},"content":{"rendered":"<p>Bienvenue sur \u00ab Design &amp; Anthropoc\u00e8ne \u00bb, le site qui explore les<b> interactions <\/b>entre<b> le design <\/b>et une<b> plan\u00e8te en cours de transformation <\/b>suite aux<b>\u00a0activit\u00e9s humaines.<\/b><\/p>\n<p>Ce site \u00e0 pour objectif de r\u00e9f\u00e9rencer, rendre accessible et mettre \u00e0 disposition des <strong>ressources<\/strong> autour du <strong>Design<\/strong> et des probl\u00e9matiques de l\u2019<strong>Anthropoc\u00e8ne<\/strong>.<\/p>\n<p>Il s&rsquo;agit d&rsquo;un <strong>projet \u00a0<\/strong>de site en<strong> \u00a0construction<\/strong> con\u00e7u et produit avec la collaboration des \u00e9tudiants du Master Design Innovation et Soci\u00e9t\u00e9 de l\u2019Universit\u00e9 de N\u00eemes.<\/p>\n<p>L&rsquo;objectif est de vous fournir des ressources vari\u00e9es <b>pour comprendre<\/b> comment le <strong>design<\/strong> peut devenir un <strong>levier<\/strong> face aux d\u00e9fis environnementaux, sociaux et culturels du XXI<span style=\"font-size: 8px;\"><sup>e<\/sup><\/span> si\u00e8cle.<\/p>\n<p>Que vous soyez designer, chercheur, \u00e9tudiant ou simplement curieux, vous trouverez ici des <strong>articles<\/strong>, des <strong>\u00e9tudes de cas<\/strong>, des <strong>outils m\u00e9thodologiques<\/strong> et des <strong>inspirations critiques<\/strong> pour repenser vos pratiques \u00e0 la lumi\u00e8re des enjeux de l\u2019Anthropoc\u00e8ne.<\/p>\n<p>&nbsp;<\/p>\n","protected":false},"excerpt":{"rendered":"<p>Bienvenue sur \u00ab Design &amp; Anthropoc\u00e8ne \u00bb, le site qui explore les interactions entre le design et une plan\u00e8te en cours de transformation suite aux\u00a0activit\u00e9s humaines. Ce site \u00e0 pour objectif de r\u00e9f\u00e9rencer, rendre accessible et mettre \u00e0 disposition des ressources autour du Design et des probl\u00e9matiques de l\u2019Anthropoc\u00e8ne. Il s&rsquo;agit d&rsquo;un projet \u00a0de site &hellip; <\/p>\n<p class=\"link-more\"><a href=\"https:\/\/plateformes.didactiques.mediationsemiotiques.com\/pd\/?page_id=1198\" class=\"more-link\">Continuer la lecture<span class=\"screen-reader-text\"> de &laquo;&nbsp;Introduction&nbsp;&raquo;<\/span><\/a><\/p>\n","protected":false},"author":1,"featured_media":0,"parent":0,"menu_order":0,"comment_status":"closed","ping_status":"closed","template":"","meta":[],"_links":{"self":[{"href":"https:\/\/plateformes.didactiques.mediationsemiotiques.com\/pd\/index.php?rest_route=\/wp\/v2\/pages\/1198"}],"collection":[{"href":"https:\/\/plateformes.didactiques.mediationsemiotiques.com\/pd\/index.php?rest_route=\/wp\/v2\/pages"}],"about":[{"href":"https:\/\/plateformes.didactiques.mediationsemiotiques.com\/pd\/index.php?rest_route=\/wp\/v2\/types\/page"}],"author":[{"embeddable":true,"href":"https:\/\/plateformes.didactiques.mediationsemiotiques.com\/pd\/index.php?rest_route=\/wp\/v2\/users\/1"}],"replies":[{"embeddable":true,"href":"https:\/\/plateformes.didactiques.mediationsemiotiques.com\/pd\/index.php?rest_route=%2Fwp%2Fv2%2Fcomments&post=1198"}],"version-history":[{"count":25,"href":"https:\/\/plateformes.didactiques.mediationsemiotiques.com\/pd\/index.php?rest_route=\/wp\/v2\/pages\/1198\/revisions"}],"predecessor-version":[{"id":1250,"href":"https:\/\/plateformes.didactiques.mediationsemiotiques.com\/pd\/index.php?rest_route=\/wp\/v2\/pages\/1198\/revisions\/1250"}],"wp:attachment":[{"href":"https:\/\/plateformes.didactiques.mediationsemiotiques.com\/pd\/index.php?rest_route=%2Fwp%2Fv2%2Fmedia&parent=1198"}],"curies":[{"name":"wp","href":"https:\/\/api.w.org\/{rel}","templated":true}]}}