{"id":120,"date":"2021-03-04T13:19:36","date_gmt":"2021-03-04T12:19:36","guid":{"rendered":"http:\/\/plateformes.didactiques.mediationsemiotiques.com\/pd\/?page_id=120"},"modified":"2025-05-21T08:16:08","modified_gmt":"2025-05-21T06:16:08","slug":"archeologie-de-lanthropocene","status":"publish","type":"page","link":"https:\/\/plateformes.didactiques.mediationsemiotiques.com\/pd\/?page_id=120","title":{"rendered":"G\u00e9o-Arch\u00e9ologie"},"content":{"rendered":"\r\n<p>D&rsquo;o\u00f9 vient le nom \u00ab\u00a0Anthropoc\u00e8ne\u00a0\u00bb pour indiquer cette \u00e2ge o\u00f9 les traces des activit\u00e9s humaines resteront visibles sur les strates g\u00e9ologiques de la plan\u00e8te ? \u00c0 quelle profondeur des temps g\u00e9ologiques attribuer cet impacte des activit\u00e9s humaines ?\u00a0<\/p>\r\n<ul>\r\n\t<li style=\"list-style-type: none;\">\r\n<ul>\r\n\t<li><a href=\"https:\/\/plateformes.didactiques.mediationsemiotiques.com\/pd\/?page_id=407\"><strong>D\u00e9nomination<\/strong><\/a>\u00a0<\/li>\r\n\t<li><a href=\"https:\/\/plateformes.didactiques.mediationsemiotiques.com\/pd\/?page_id=101\"><strong><span style=\"font-size: 1rem;\">Localisation<\/span><\/strong><\/a><\/li>\r\n<\/ul>\r\n<\/li>\r\n<\/ul>\r\n","protected":false},"excerpt":{"rendered":"<p>D&rsquo;o\u00f9 vient le nom \u00ab\u00a0Anthropoc\u00e8ne\u00a0\u00bb pour indiquer cette \u00e2ge o\u00f9 les traces des activit\u00e9s humaines resteront visibles sur les strates g\u00e9ologiques de la plan\u00e8te ? \u00c0 quelle profondeur des temps g\u00e9ologiques attribuer cet impacte des activit\u00e9s humaines ?\u00a0 D\u00e9nomination\u00a0 Localisation<\/p>\n","protected":false},"author":1,"featured_media":0,"parent":0,"menu_order":0,"comment_status":"closed","ping_status":"closed","template":"","meta":[],"_links":{"self":[{"href":"https:\/\/plateformes.didactiques.mediationsemiotiques.com\/pd\/index.php?rest_route=\/wp\/v2\/pages\/120"}],"collection":[{"href":"https:\/\/plateformes.didactiques.mediationsemiotiques.com\/pd\/index.php?rest_route=\/wp\/v2\/pages"}],"about":[{"href":"https:\/\/plateformes.didactiques.mediationsemiotiques.com\/pd\/index.php?rest_route=\/wp\/v2\/types\/page"}],"author":[{"embeddable":true,"href":"https:\/\/plateformes.didactiques.mediationsemiotiques.com\/pd\/index.php?rest_route=\/wp\/v2\/users\/1"}],"replies":[{"embeddable":true,"href":"https:\/\/plateformes.didactiques.mediationsemiotiques.com\/pd\/index.php?rest_route=%2Fwp%2Fv2%2Fcomments&post=120"}],"version-history":[{"count":14,"href":"https:\/\/plateformes.didactiques.mediationsemiotiques.com\/pd\/index.php?rest_route=\/wp\/v2\/pages\/120\/revisions"}],"predecessor-version":[{"id":1238,"href":"https:\/\/plateformes.didactiques.mediationsemiotiques.com\/pd\/index.php?rest_route=\/wp\/v2\/pages\/120\/revisions\/1238"}],"wp:attachment":[{"href":"https:\/\/plateformes.didactiques.mediationsemiotiques.com\/pd\/index.php?rest_route=%2Fwp%2Fv2%2Fmedia&parent=120"}],"curies":[{"name":"wp","href":"https:\/\/api.w.org\/{rel}","templated":true}]}}