{"id":217,"date":"2021-03-04T19:10:33","date_gmt":"2021-03-04T18:10:33","guid":{"rendered":"http:\/\/plateformes.didactiques.mediationsemiotiques.com\/pd\/?page_id=217"},"modified":"2021-03-25T12:19:00","modified_gmt":"2021-03-25T11:19:00","slug":"a-lire","status":"publish","type":"page","link":"https:\/\/plateformes.didactiques.mediationsemiotiques.com\/pd\/?page_id=217","title":{"rendered":"Lire"},"content":{"rendered":"\r\n<p><strong>Un parcours guid\u00e9<\/strong> <strong>dans la litt\u00e9rature de l&rsquo;Anthropoc\u00e8ne<\/strong> :<\/p>\r\n\r\n\r\n<p><a href=\"https:\/\/plateformes.didactiques.mediationsemiotiques.com\/pd\/?p=526%20\">Origines<\/a><\/p>\r\n\r\n\r\n<p><a href=\"%20https:\/\/plateformes.didactiques.mediationsemiotiques.com\/pd\/?page_id=528\">Durable<\/a><\/p>\r\n\r\n\r\n<p><a href=\"%20https:\/\/plateformes.didactiques.mediationsemiotiques.com\/pd\/?page_id=530\">Anthropoc\u00e8ne<\/a><\/p>\r\n\r\n\r\n<p><a href=\"%20https:\/\/plateformes.didactiques.mediationsemiotiques.com\/pd\/?page_id=532\">Divulgation<\/a><\/p>\r\n\r\n\r\n<figure class=\"wp-block-image size-large is-resized\"><img loading=\"lazy\" class=\"wp-image-339\" src=\"https:\/\/plateformes.didactiques.mediationsemiotiques.com\/pd\/wp-content\/uploads\/2021\/03\/biomimetisme.jpg\" alt=\"\" width=\"181\" height=\"288\" srcset=\"https:\/\/plateformes.didactiques.mediationsemiotiques.com\/pd\/wp-content\/uploads\/2021\/03\/biomimetisme.jpg 288w, https:\/\/plateformes.didactiques.mediationsemiotiques.com\/pd\/wp-content\/uploads\/2021\/03\/biomimetisme-189x300.jpg 189w\" sizes=\"(max-width: 181px) 100vw, 181px\" \/><\/figure>\r\n\r\n\r\n<figure class=\"wp-block-table alignleft is-style-stripes\">\r\n<table>\r\n<tbody>\r\n<tr>\r\n<td>Janin M. Benyus<\/td>\r\n<td>&nbsp;<\/td>\r\n<\/tr>\r\n<tr>\r\n<td><em>Biomim\u00e9tisme. Quand la nature inspire des innovations durables<\/em>, Paris, Rue de l&rsquo;\u00e9chiquier, 2011.<\/td>\r\n<td>&nbsp;<\/td>\r\n<\/tr>\r\n<tr>\r\n<td>[1998] Harpercollins<\/td>\r\n<td>&nbsp;<\/td>\r\n<\/tr>\r\n<\/tbody>\r\n<\/table>\r\n<\/figure>\r\n\r\n\r\n\r\n<figure class=\"wp-block-image size-large is-resized\"><img loading=\"lazy\" class=\"wp-image-326\" src=\"https:\/\/plateformes.didactiques.mediationsemiotiques.com\/pd\/wp-content\/uploads\/2021\/03\/41JvO5gY9dL.jpg\" alt=\"\" width=\"178\" height=\"285\" srcset=\"https:\/\/plateformes.didactiques.mediationsemiotiques.com\/pd\/wp-content\/uploads\/2021\/03\/41JvO5gY9dL.jpg 312w, https:\/\/plateformes.didactiques.mediationsemiotiques.com\/pd\/wp-content\/uploads\/2021\/03\/41JvO5gY9dL-187x300.jpg 187w\" sizes=\"(max-width: 178px) 100vw, 178px\" \/><\/figure>\r\n\r\n\r\n<figure class=\"wp-block-table is-style-stripes\">\r\n<table>\r\n<tbody>\r\n<tr>\r\n<td>c<\/td>\r\n<td>&nbsp;<\/td>\r\n<\/tr>\r\n<tr>\r\n<td><em>Tout peut change<\/em>r. <em>Capitalisme &amp; changement climatique<\/em>,<\/td>\r\n<td>&nbsp;<\/td>\r\n<\/tr>\r\n<tr>\r\n<td>[1998] Harpercollins<\/td>\r\n<td>&nbsp;<\/td>\r\n<\/tr>\r\n<\/tbody>\r\n<\/table>\r\n<\/figure>\r\n\r\n\r\n<figure class=\"wp-block-image size-large is-resized\"><img loading=\"lazy\" class=\"wp-image-327\" src=\"https:\/\/plateformes.didactiques.mediationsemiotiques.com\/pd\/wp-content\/uploads\/2021\/03\/Occuper-la-Terre.jpg\" alt=\"\" width=\"162\" height=\"248\" srcset=\"https:\/\/plateformes.didactiques.mediationsemiotiques.com\/pd\/wp-content\/uploads\/2021\/03\/Occuper-la-Terre.jpg 400w, https:\/\/plateformes.didactiques.mediationsemiotiques.com\/pd\/wp-content\/uploads\/2021\/03\/Occuper-la-Terre-197x300.jpg 197w\" sizes=\"(max-width: 162px) 100vw, 162px\" \/><\/figure>\r\n\r\n\r\n<figure class=\"wp-block-table is-style-stripes\">\r\n<table>\r\n<tbody>\r\n<tr>\r\n<td>Bruno Latour<\/td>\r\n<td>&nbsp;<\/td>\r\n<\/tr>\r\n<tr>\r\n<td><em>Face \u00e0 Ga\u00efa<\/em>, Paris, La D\u00e9couverte, 2015.<\/td>\r\n<td>&nbsp;<\/td>\r\n<\/tr>\r\n<\/tbody>\r\n<\/table>\r\n<\/figure>\r\n\r\n\r\n<figure class=\"wp-block-image size-large is-resized\"><img loading=\"lazy\" class=\"wp-image-328\" src=\"https:\/\/plateformes.didactiques.mediationsemiotiques.com\/pd\/wp-content\/uploads\/2021\/03\/61dlgb16LTL-700x1024.jpg\" alt=\"\" width=\"190\" height=\"278\" srcset=\"https:\/\/plateformes.didactiques.mediationsemiotiques.com\/pd\/wp-content\/uploads\/2021\/03\/61dlgb16LTL-700x1024.jpg 700w, https:\/\/plateformes.didactiques.mediationsemiotiques.com\/pd\/wp-content\/uploads\/2021\/03\/61dlgb16LTL-205x300.jpg 205w, https:\/\/plateformes.didactiques.mediationsemiotiques.com\/pd\/wp-content\/uploads\/2021\/03\/61dlgb16LTL-768x1124.jpg 768w, https:\/\/plateformes.didactiques.mediationsemiotiques.com\/pd\/wp-content\/uploads\/2021\/03\/61dlgb16LTL.jpg 800w\" sizes=\"(max-width: 190px) 100vw, 190px\" \/><\/figure>\r\n\r\n\r\n<figure class=\"wp-block-table is-style-stripes\">\r\n<table>\r\n<tbody>\r\n<tr>\r\n<td>Bruno Latour<\/td>\r\n<td>&nbsp;<\/td>\r\n<\/tr>\r\n<tr>\r\n<td><em><em>Face \u00e0 Ga\u00efa<\/em>, Paris, La D\u00e9couverte, 2015.<\/em><\/td>\r\n<td>&nbsp;<\/td>\r\n<\/tr>\r\n<\/tbody>\r\n<\/table>\r\n<\/figure>\r\n\r\n\r\n<figure class=\"wp-block-image size-large is-resized\"><img loading=\"lazy\" class=\"wp-image-331\" src=\"https:\/\/plateformes.didactiques.mediationsemiotiques.com\/pd\/wp-content\/uploads\/2021\/03\/unnamed.jpg\" alt=\"\" width=\"231\" height=\"274\" srcset=\"https:\/\/plateformes.didactiques.mediationsemiotiques.com\/pd\/wp-content\/uploads\/2021\/03\/unnamed.jpg 433w, https:\/\/plateformes.didactiques.mediationsemiotiques.com\/pd\/wp-content\/uploads\/2021\/03\/unnamed-254x300.jpg 254w\" sizes=\"(max-width: 231px) 100vw, 231px\" \/><\/figure>\r\n\r\n\r\n<figure class=\"wp-block-table is-style-stripes\">\r\n<table>\r\n<tbody>\r\n<tr>\r\n<td>Fran\u00e7ois Gemenne, Aleksanddar Rankovic (Atelier de cartographie de Sciences Po)<\/td>\r\n<td>&nbsp;<\/td>\r\n<\/tr>\r\n<tr>\r\n<td><em>Atlas de l&rsquo;Anthropoc\u00e8ne<\/em>, Paris, ScincesPo Les Presses.<\/td>\r\n<td>&nbsp;<\/td>\r\n<\/tr>\r\n<\/tbody>\r\n<\/table>\r\n<\/figure>\r\n\r\n\r\n<figure class=\"wp-block-image size-large is-resized\"><img loading=\"lazy\" class=\"wp-image-333\" src=\"https:\/\/plateformes.didactiques.mediationsemiotiques.com\/pd\/wp-content\/uploads\/2021\/03\/61zIQXakvfL-620x1024.jpg\" alt=\"\" width=\"194\" height=\"321\" srcset=\"https:\/\/plateformes.didactiques.mediationsemiotiques.com\/pd\/wp-content\/uploads\/2021\/03\/61zIQXakvfL-620x1024.jpg 620w, https:\/\/plateformes.didactiques.mediationsemiotiques.com\/pd\/wp-content\/uploads\/2021\/03\/61zIQXakvfL-182x300.jpg 182w, https:\/\/plateformes.didactiques.mediationsemiotiques.com\/pd\/wp-content\/uploads\/2021\/03\/61zIQXakvfL.jpg 635w\" sizes=\"(max-width: 194px) 100vw, 194px\" \/><\/figure>\r\n\r\n\r\n<figure class=\"wp-block-table is-style-stripes\">\r\n<table>\r\n<tbody>\r\n<tr>\r\n<td>James Lovelock<\/td>\r\n<td>&nbsp;<\/td>\r\n<\/tr>\r\n<tr>\r\n<td><em>La terre est un \u00eatre vivant. L&rsquo;hypoth\u00e8se Ga\u00efa<\/em>,<\/td>\r\n<td>&nbsp;<\/td>\r\n<\/tr>\r\n<tr>\r\n<td>[1979] Oxford University Press<\/td>\r\n<td>&nbsp;<\/td>\r\n<\/tr>\r\n<\/tbody>\r\n<\/table>\r\n<\/figure>\r\n\r\n\r\n<figure class=\"wp-block-image size-large is-resized\"><img loading=\"lazy\" class=\"wp-image-337\" src=\"https:\/\/plateformes.didactiques.mediationsemiotiques.com\/pd\/wp-content\/uploads\/2021\/03\/410Js-Ciz0L._SX286_BO1204203200_.jpg\" alt=\"\" width=\"196\" height=\"323\" srcset=\"https:\/\/plateformes.didactiques.mediationsemiotiques.com\/pd\/wp-content\/uploads\/2021\/03\/410Js-Ciz0L._SX286_BO1204203200_.jpg 288w, https:\/\/plateformes.didactiques.mediationsemiotiques.com\/pd\/wp-content\/uploads\/2021\/03\/410Js-Ciz0L._SX286_BO1204203200_-182x300.jpg 182w\" sizes=\"(max-width: 196px) 100vw, 196px\" \/><\/figure>\r\n\r\n\r\n<figure class=\"wp-block-table is-style-stripes\">\r\n<table>\r\n<tbody>\r\n<tr>\r\n<td>Janin M. Benyus<\/td>\r\n<td>&nbsp;<\/td>\r\n<\/tr>\r\n<tr>\r\n<td><em>Biomim\u00e9tisme. Quand la nature inspire des innovations durables<\/em>, Paris, Rue de l&rsquo;\u00e9chiquier, 2011.<\/td>\r\n<td>&nbsp;<\/td>\r\n<\/tr>\r\n<tr>\r\n<td>[1998] Harpercollins<\/td>\r\n<td>&nbsp;<\/td>\r\n<\/tr>\r\n<\/tbody>\r\n<\/table>\r\n<\/figure>\r\n\r\n\r\n<figure class=\"wp-block-image size-large is-resized\"><img loading=\"lazy\" class=\"wp-image-338\" src=\"https:\/\/plateformes.didactiques.mediationsemiotiques.com\/pd\/wp-content\/uploads\/2021\/03\/2013_12_24_halte_a_la_croissance_2.png\" alt=\"\" width=\"252\" height=\"319\" srcset=\"https:\/\/plateformes.didactiques.mediationsemiotiques.com\/pd\/wp-content\/uploads\/2021\/03\/2013_12_24_halte_a_la_croissance_2.png 484w, https:\/\/plateformes.didactiques.mediationsemiotiques.com\/pd\/wp-content\/uploads\/2021\/03\/2013_12_24_halte_a_la_croissance_2-236x300.png 236w\" sizes=\"(max-width: 252px) 100vw, 252px\" \/><\/figure>\r\n\r\n\r\n<figure class=\"wp-block-table is-style-stripes\">\r\n<table>\r\n<tbody>\r\n<tr>\r\n<td>Janin M. Benyus<\/td>\r\n<td>&nbsp;<\/td>\r\n<\/tr>\r\n<tr>\r\n<td><em>Biomim\u00e9tisme. Quand la nature inspire des innovations durables<\/em>, Paris, Rue de l&rsquo;\u00e9chiquier, 2011.<\/td>\r\n<td>&nbsp;<\/td>\r\n<\/tr>\r\n<tr>\r\n<td>[1998] Harpercollins<\/td>\r\n<td>&nbsp;<\/td>\r\n<\/tr>\r\n<\/tbody>\r\n<\/table>\r\n<\/figure>\r\n\r\n\r\n<p>&nbsp;<\/p>\r\n","protected":false},"excerpt":{"rendered":"<p>Un parcours guid\u00e9 dans la litt\u00e9rature de l&rsquo;Anthropoc\u00e8ne : Origines Durable Anthropoc\u00e8ne Divulgation Janin M. Benyus &nbsp; Biomim\u00e9tisme. Quand la nature inspire des innovations durables, Paris, Rue de l&rsquo;\u00e9chiquier, 2011. &nbsp; [1998] Harpercollins &nbsp; c &nbsp; Tout peut changer. Capitalisme &amp; changement climatique, &nbsp; [1998] Harpercollins &nbsp; Bruno Latour &nbsp; Face \u00e0 Ga\u00efa, Paris, La &hellip; <\/p>\n<p class=\"link-more\"><a href=\"https:\/\/plateformes.didactiques.mediationsemiotiques.com\/pd\/?page_id=217\" class=\"more-link\">Continuer la lecture<span class=\"screen-reader-text\"> de &laquo;&nbsp;Lire&nbsp;&raquo;<\/span><\/a><\/p>\n","protected":false},"author":1,"featured_media":0,"parent":0,"menu_order":0,"comment_status":"closed","ping_status":"closed","template":"","meta":[],"_links":{"self":[{"href":"https:\/\/plateformes.didactiques.mediationsemiotiques.com\/pd\/index.php?rest_route=\/wp\/v2\/pages\/217"}],"collection":[{"href":"https:\/\/plateformes.didactiques.mediationsemiotiques.com\/pd\/index.php?rest_route=\/wp\/v2\/pages"}],"about":[{"href":"https:\/\/plateformes.didactiques.mediationsemiotiques.com\/pd\/index.php?rest_route=\/wp\/v2\/types\/page"}],"author":[{"embeddable":true,"href":"https:\/\/plateformes.didactiques.mediationsemiotiques.com\/pd\/index.php?rest_route=\/wp\/v2\/users\/1"}],"replies":[{"embeddable":true,"href":"https:\/\/plateformes.didactiques.mediationsemiotiques.com\/pd\/index.php?rest_route=%2Fwp%2Fv2%2Fcomments&post=217"}],"version-history":[{"count":27,"href":"https:\/\/plateformes.didactiques.mediationsemiotiques.com\/pd\/index.php?rest_route=\/wp\/v2\/pages\/217\/revisions"}],"predecessor-version":[{"id":683,"href":"https:\/\/plateformes.didactiques.mediationsemiotiques.com\/pd\/index.php?rest_route=\/wp\/v2\/pages\/217\/revisions\/683"}],"wp:attachment":[{"href":"https:\/\/plateformes.didactiques.mediationsemiotiques.com\/pd\/index.php?rest_route=%2Fwp%2Fv2%2Fmedia&parent=217"}],"curies":[{"name":"wp","href":"https:\/\/api.w.org\/{rel}","templated":true}]}}