{"id":251,"date":"2021-03-05T11:50:55","date_gmt":"2021-03-05T10:50:55","guid":{"rendered":"https:\/\/plateformes.didactiques.mediationsemiotiques.com\/pd\/?page_id=251"},"modified":"2025-05-21T08:22:20","modified_gmt":"2025-05-21T06:22:20","slug":"terrestres","status":"publish","type":"page","link":"https:\/\/plateformes.didactiques.mediationsemiotiques.com\/pd\/?page_id=251","title":{"rendered":"Controverses"},"content":{"rendered":"\r\n\r\n<p>L&rsquo;Anthropoc\u00e8ne pr\u00e9sente des controverses. Il s&rsquo;agit de d\u00e9saccords qui touchent l&rsquo;\u00e9tat des choses, les causes, les solutions propos\u00e9es ainsi que la hi\u00e9rarchie des urgences : \u00a0<\/p>\r\n<ul>\r\n\t<li style=\"list-style-type: none;\">\r\n<ul>\r\n\t<li><strong>L&rsquo;\u00e9tat des choses<\/strong><\/li>\r\n\t<li><strong>Les causes<\/strong><\/li>\r\n\t<li><strong>Les solutions<\/strong><\/li>\r\n\t<li><strong>Les urgences<\/strong><\/li>\r\n<\/ul>\r\n<\/li>\r\n<\/ul>\r\n\r\n","protected":false},"excerpt":{"rendered":"<p>L&rsquo;Anthropoc\u00e8ne pr\u00e9sente des controverses. Il s&rsquo;agit de d\u00e9saccords qui touchent l&rsquo;\u00e9tat des choses, les causes, les solutions propos\u00e9es ainsi que la hi\u00e9rarchie des urgences : \u00a0 L&rsquo;\u00e9tat des choses Les causes Les solutions Les urgences<\/p>\n","protected":false},"author":1,"featured_media":0,"parent":0,"menu_order":0,"comment_status":"closed","ping_status":"closed","template":"","meta":[],"_links":{"self":[{"href":"https:\/\/plateformes.didactiques.mediationsemiotiques.com\/pd\/index.php?rest_route=\/wp\/v2\/pages\/251"}],"collection":[{"href":"https:\/\/plateformes.didactiques.mediationsemiotiques.com\/pd\/index.php?rest_route=\/wp\/v2\/pages"}],"about":[{"href":"https:\/\/plateformes.didactiques.mediationsemiotiques.com\/pd\/index.php?rest_route=\/wp\/v2\/types\/page"}],"author":[{"embeddable":true,"href":"https:\/\/plateformes.didactiques.mediationsemiotiques.com\/pd\/index.php?rest_route=\/wp\/v2\/users\/1"}],"replies":[{"embeddable":true,"href":"https:\/\/plateformes.didactiques.mediationsemiotiques.com\/pd\/index.php?rest_route=%2Fwp%2Fv2%2Fcomments&post=251"}],"version-history":[{"count":16,"href":"https:\/\/plateformes.didactiques.mediationsemiotiques.com\/pd\/index.php?rest_route=\/wp\/v2\/pages\/251\/revisions"}],"predecessor-version":[{"id":1242,"href":"https:\/\/plateformes.didactiques.mediationsemiotiques.com\/pd\/index.php?rest_route=\/wp\/v2\/pages\/251\/revisions\/1242"}],"wp:attachment":[{"href":"https:\/\/plateformes.didactiques.mediationsemiotiques.com\/pd\/index.php?rest_route=%2Fwp%2Fv2%2Fmedia&parent=251"}],"curies":[{"name":"wp","href":"https:\/\/api.w.org\/{rel}","templated":true}]}}