{"id":407,"date":"2021-03-19T14:45:00","date_gmt":"2021-03-19T13:45:00","guid":{"rendered":"https:\/\/plateformes.didactiques.mediationsemiotiques.com\/pd\/?page_id=407"},"modified":"2021-04-22T08:14:46","modified_gmt":"2021-04-22T06:14:46","slug":"anthropocene","status":"publish","type":"page","link":"https:\/\/plateformes.didactiques.mediationsemiotiques.com\/pd\/?page_id=407","title":{"rendered":"D\u00e9nomination"},"content":{"rendered":"<figure><span style=\"font-size: 28px;\"><strong>L&rsquo;origine d&rsquo;un mot<\/strong><\/span><\/figure>\r\n<p>Dans la chronologie des \u00e9poques g\u00e9ologiques de la Terre, le mot <em>Anthropoc\u00e8ne<\/em> d\u00e9nomme la p\u00e9riode pendant laquelle, \u00e0 partir de la r\u00e9volution industrielle jusqu\u2019\u00e0 nos jours, les pratiques humaines ont augment\u00e9 sensiblement leur impact sur l\u2019environnement \u00e0 tel point qu\u2019il devient n\u00e9cessaire de les ajouter aux autres forces g\u00e9odynamiques capables de produire des mutations profondes de l\u2019\u00e9cosyst\u00e8me de la plan\u00e8te.<\/p>\r\n<h5>\u00c9TyMOLOGIE<\/h5>\r\n<p>\u00c0 partir de ce moment, l\u2019esp\u00e8ce homo sapiens n\u2019est plus sur le m\u00eame plan que les autres esp\u00e8ces : bien qu\u2019elle partage avec ces autres existants l\u2019environnement-plan\u00e8te, le potentiel atteint par ses activit\u00e9s en fait une puissance capable de marquer la couche que portera son nom <em>Anthropo-<\/em>, suivie par la d\u00e9termination de la strate o\u00f9 se situe le changement <em>-c\u00e8ne<\/em> : l\u2019\u00e9poque g\u00e9ologique de l\u2019homme.<\/p>\r\n<p><!-- \/wp:image -->\r\n<!-- wp:paragraph --><!-- \/wp:paragraph -->\r\n<!-- wp:paragraph --><\/p>\r\n<p>&nbsp;<\/p>\r\n<p style=\"text-align: center;\"><img loading=\"lazy\" class=\"wp-image-540 aligncenter\" src=\"https:\/\/plateformes.didactiques.mediationsemiotiques.com\/pd\/wp-content\/uploads\/2021\/03\/Anthropocene_Bo_web-1024x615.jpg\" alt=\"\" width=\"416\" height=\"262\" \/><a href=\"https:\/\/anthropocene.mast.org\/en\/exhibition\/\"><span style=\"font-size: 14px; color: #999999; font-family: helvetica, arial, sans-serif;\"><strong><span style=\"font-size: 12px;\">Exposition Mash Bologne (2019)<\/span><\/strong><\/span><\/a><br \/>\r\n<br \/>\r\n<\/p>\r\n<h5>Histoire<\/h5>\r\n<p>Dans son article de 2002, Paul J. Crutzen introduit le terme <em>Anthropoc\u00e8ne<\/em>. Il cite \u00e0 son tour le g\u00e9ologue italien Antonio Stoppani et le biologiste russe VIadimir Vernadsky afin d&rsquo;expliciter l&rsquo;origine du mot \u00a0et sa signification.<\/p>\r\n<p>En 1873, Stoppani met en avant \u00a0une \u00ab\u00a0<em>nouvelle force tellurique qui par sa puissance et son universalit\u00e9 peut \u00eatre compar\u00e9e aux grandes forces de la Terre<\/em>\u00a0. Il se r\u00e9f\u00e9rent \u00e0 une \u00e8re anthropozo\u00efque, que Vernadsky reconna\u00eetra en 1926 comme : \u00ab\u00a0<em>La direction que doivent suivre les processus de l\u2019\u00e9volution, c\u2019est-\u00e0-dire vers l\u2019accroissement de la conscience et de la pens\u00e9e, et des formes ayant des cons\u00e9quences de plus en plus grandes sur leur environnement.<\/em>\u00a0\u00bb. Dans cette citation Vernadsky met en avant l&rsquo;influence de l&rsquo;intellect humain sur son environnement et son avenir : il nome cette dimension \u00ab noosph\u00e8re \u00bb.<\/p>\r\n<p>L&rsquo;auteur traite dans son article des diverses cause de transformation de l&rsquo;environnement par l&rsquo;homme, \u00e0 savoir la d\u00e9mographie, le besoin en \u00e9nergies, l&rsquo;agroalimentaire, l&rsquo;extraction des ressources naturelles (eau, bois, sable etc.), l&rsquo;am\u00e9nagement d&rsquo;espaces ainsi que leur cons\u00e9quence pour le climat en apportant les chiffres cl\u00e9s de ces d\u00e9r\u00e8glements. Il nous apprend ainsi que ces transformations sont introduites par seulement 25% de la population mondiale.<\/p>\r\n<p style=\"font-size: 12px; line-height: 1.5;\"><strong><a href=\"https:\/\/www.cairn.info\/revue-ecologie-et-politique1-2007-1-page-141.htm\" target=\"_blank\" rel=\"noopener\"><span style=\"color: #ff6600;\">\u27a4<\/span> La g\u00e9ologie de l&rsquo;humanit\u00e9\u00a0: l&rsquo;Anthropoc\u00e8ne<\/a><\/strong>,\u00a0<a href=\"https:\/\/fr.wikipedia.org\/wiki\/Paul_Josef_Crutzen\">Paul J.\u00a0Crutzen<\/a>,\u00a0<em>\u00c9cologie &amp; politique<\/em>, n\u00b0 34,\u00a02007\/1,\u00a0p. 141-148. Cet article est la traduction de l&rsquo;original, \u00ab\u00a0Geology of Manking\u00a0: \u201cThe Anthropocene\u201d\u00a0\u00bb paru dans la revue <em class=\"marquage italique\">Nature<\/em> le 3\u00a0janvier 2002 (415, p.\u00a023).<\/p>\r\n<p><!-- \/wp:paragraph -->\r\n<!-- wp:paragraph {\"style\":{\"typography\":{\"lineHeight\":\"1.5\",\"fontSize\":12}}} --><\/p>","protected":false},"excerpt":{"rendered":"<p>L&rsquo;origine d&rsquo;un mot Dans la chronologie des \u00e9poques g\u00e9ologiques de la Terre, le mot Anthropoc\u00e8ne d\u00e9nomme la p\u00e9riode pendant laquelle, \u00e0 partir de la r\u00e9volution industrielle jusqu\u2019\u00e0 nos jours, les pratiques humaines ont augment\u00e9 sensiblement leur impact sur l\u2019environnement \u00e0 tel point qu\u2019il devient n\u00e9cessaire de les ajouter aux autres forces g\u00e9odynamiques capables de produire &hellip; <\/p>\n<p class=\"link-more\"><a href=\"https:\/\/plateformes.didactiques.mediationsemiotiques.com\/pd\/?page_id=407\" class=\"more-link\">Continuer la lecture<span class=\"screen-reader-text\"> de &laquo;&nbsp;D\u00e9nomination&nbsp;&raquo;<\/span><\/a><\/p>\n","protected":false},"author":1,"featured_media":0,"parent":0,"menu_order":0,"comment_status":"closed","ping_status":"closed","template":"","meta":[],"_links":{"self":[{"href":"https:\/\/plateformes.didactiques.mediationsemiotiques.com\/pd\/index.php?rest_route=\/wp\/v2\/pages\/407"}],"collection":[{"href":"https:\/\/plateformes.didactiques.mediationsemiotiques.com\/pd\/index.php?rest_route=\/wp\/v2\/pages"}],"about":[{"href":"https:\/\/plateformes.didactiques.mediationsemiotiques.com\/pd\/index.php?rest_route=\/wp\/v2\/types\/page"}],"author":[{"embeddable":true,"href":"https:\/\/plateformes.didactiques.mediationsemiotiques.com\/pd\/index.php?rest_route=\/wp\/v2\/users\/1"}],"replies":[{"embeddable":true,"href":"https:\/\/plateformes.didactiques.mediationsemiotiques.com\/pd\/index.php?rest_route=%2Fwp%2Fv2%2Fcomments&post=407"}],"version-history":[{"count":62,"href":"https:\/\/plateformes.didactiques.mediationsemiotiques.com\/pd\/index.php?rest_route=\/wp\/v2\/pages\/407\/revisions"}],"predecessor-version":[{"id":948,"href":"https:\/\/plateformes.didactiques.mediationsemiotiques.com\/pd\/index.php?rest_route=\/wp\/v2\/pages\/407\/revisions\/948"}],"wp:attachment":[{"href":"https:\/\/plateformes.didactiques.mediationsemiotiques.com\/pd\/index.php?rest_route=%2Fwp%2Fv2%2Fmedia&parent=407"}],"curies":[{"name":"wp","href":"https:\/\/api.w.org\/{rel}","templated":true}]}}