{"id":520,"date":"2021-03-21T09:48:39","date_gmt":"2021-03-21T08:48:39","guid":{"rendered":"https:\/\/plateformes.didactiques.mediationsemiotiques.com\/pd\/?page_id=520"},"modified":"2021-05-20T12:39:04","modified_gmt":"2021-05-20T10:39:04","slug":"rapport-brundtland","status":"publish","type":"page","link":"https:\/\/plateformes.didactiques.mediationsemiotiques.com\/pd\/?page_id=520","title":{"rendered":"Rapport Brundtland"},"content":{"rendered":"\r\n\r\n<p><span style=\"font-weight: 400;\">Le rapport Brundtland est r\u00e9dig\u00e9 en 1987 par la commission mondiale sur l\u2019environnement et le d\u00e9veloppement de l&rsquo;ONU, il est pr\u00e9sid\u00e9 par la Norv\u00e9gienne Gro Harlem Brundtland pour le compte des Nations unies. Il intervient apr\u00e8s une s\u00e9rie d&rsquo;\u00e9v\u00e9nements, comme le rapport Meadows de 1972 qui met en perspective les probl\u00e8mes de la croissance \u00e9conomique et la crise p\u00e9troli\u00e8re de 1973 qui rend compte de la rar\u00e9faction de nos ressources. Tous ces \u00e9v\u00e9nements permettent de prendre conscience de l\u2019impact de l\u2019Homme sur la nature et de l\u2019\u00e9puisement des ressources naturelles. Le rapport Brundtland est le texte fondateur du \u00ab\u00a0sustainable development\u201d que l\u2019on traduit en fran\u00e7ais par \u00ab\u00a0d\u00e9veloppement durable\u201d et en fait sa d\u00e9finition : \u201cle d\u00e9veloppement durable, c\u2019est s\u2019efforcer de r\u00e9pondre aux besoins du pr\u00e9sent sans compromettre la capacit\u00e9 des g\u00e9n\u00e9rations futures de satisfaire les leurs.\u201d. Le rapport est aussi un manifeste pour une meilleure r\u00e9partition des ressources entre les pays du Nord et du Sud. En reprenant le discours du rapport :<\/span><\/p>\r\n<p>\u00ab\u00a0Le d\u00e9veloppement durable est un mode de d\u00e9veloppement qui r\u00e9pond aux besoins des g\u00e9n\u00e9rations pr\u00e9sentes sans compromettre la capacit\u00e9 des\u00a0<a href=\"https:\/\/fr.wikipedia.org\/wiki\/G%C3%A9n%C3%A9rations_futures\">g\u00e9n\u00e9rations futures<\/a>\u00a0de r\u00e9pondre aux leurs. Deux concepts sont inh\u00e9rents \u00e0 cette notion\u00a0: le concept de \u00ab\u00a0besoins\u00a0\u00bb, et plus particuli\u00e8rement des besoins essentiels des plus d\u00e9munis, \u00e0 qui il convient d\u2019accorder la plus grande priorit\u00e9, et l\u2019id\u00e9e des limitations que l\u2019\u00e9tat de nos techniques et de notre organisation sociale impose sur la capacit\u00e9 de l\u2019environnement \u00e0 r\u00e9pondre aux besoins actuels et \u00e0 venir<sup><a href=\"https:\/\/fr.wikipedia.org\/wiki\/Rapport_Brundtland#cite_note-1\">1.\u00a0\u00bb<\/a><\/sup><\/p>\r\n<p>____________<\/p>\r\n\r\n\r\n<ol class=\"has-small-font-size\">\r\n\t<li><a href=\"http:\/\/www.diplomatie.gouv.fr\/fr\/sites\/odyssee-developpement-durable\/files\/5\/rapport_brundtland.pdf\">Rapport Brundtland sur le site du Minist\u00e8re des Affaires \u00e9trang\u00e8res<\/a><\/li>\r\n<\/ol>\r\n","protected":false},"excerpt":{"rendered":"<p>Le rapport Brundtland est r\u00e9dig\u00e9 en 1987 par la commission mondiale sur l\u2019environnement et le d\u00e9veloppement de l&rsquo;ONU, il est pr\u00e9sid\u00e9 par la Norv\u00e9gienne Gro Harlem Brundtland pour le compte des Nations unies. Il intervient apr\u00e8s une s\u00e9rie d&rsquo;\u00e9v\u00e9nements, comme le rapport Meadows de 1972 qui met en perspective les probl\u00e8mes de la croissance \u00e9conomique &hellip; <\/p>\n<p class=\"link-more\"><a href=\"https:\/\/plateformes.didactiques.mediationsemiotiques.com\/pd\/?page_id=520\" class=\"more-link\">Continuer la lecture<span class=\"screen-reader-text\"> de &laquo;&nbsp;Rapport Brundtland&nbsp;&raquo;<\/span><\/a><\/p>\n","protected":false},"author":1,"featured_media":0,"parent":0,"menu_order":0,"comment_status":"closed","ping_status":"closed","template":"","meta":[],"_links":{"self":[{"href":"https:\/\/plateformes.didactiques.mediationsemiotiques.com\/pd\/index.php?rest_route=\/wp\/v2\/pages\/520"}],"collection":[{"href":"https:\/\/plateformes.didactiques.mediationsemiotiques.com\/pd\/index.php?rest_route=\/wp\/v2\/pages"}],"about":[{"href":"https:\/\/plateformes.didactiques.mediationsemiotiques.com\/pd\/index.php?rest_route=\/wp\/v2\/types\/page"}],"author":[{"embeddable":true,"href":"https:\/\/plateformes.didactiques.mediationsemiotiques.com\/pd\/index.php?rest_route=\/wp\/v2\/users\/1"}],"replies":[{"embeddable":true,"href":"https:\/\/plateformes.didactiques.mediationsemiotiques.com\/pd\/index.php?rest_route=%2Fwp%2Fv2%2Fcomments&post=520"}],"version-history":[{"count":4,"href":"https:\/\/plateformes.didactiques.mediationsemiotiques.com\/pd\/index.php?rest_route=\/wp\/v2\/pages\/520\/revisions"}],"predecessor-version":[{"id":1016,"href":"https:\/\/plateformes.didactiques.mediationsemiotiques.com\/pd\/index.php?rest_route=\/wp\/v2\/pages\/520\/revisions\/1016"}],"wp:attachment":[{"href":"https:\/\/plateformes.didactiques.mediationsemiotiques.com\/pd\/index.php?rest_route=%2Fwp%2Fv2%2Fmedia&parent=520"}],"curies":[{"name":"wp","href":"https:\/\/api.w.org\/{rel}","templated":true}]}}