{"id":618,"date":"2021-03-24T10:24:32","date_gmt":"2021-03-24T09:24:32","guid":{"rendered":"https:\/\/plateformes.didactiques.mediationsemiotiques.com\/pd\/?page_id=618"},"modified":"2021-05-20T14:47:41","modified_gmt":"2021-05-20T12:47:41","slug":"awg","status":"publish","type":"page","link":"https:\/\/plateformes.didactiques.mediationsemiotiques.com\/pd\/?page_id=618","title":{"rendered":"AWG"},"content":{"rendered":"\r\n<p><strong>Working Group on the Anthropocene<\/strong><\/p>\r\n<p>Le groupe de travail sur l&rsquo;Anthropoc\u00e8ne (AWG) est un groupe de recherche interdisciplinaire d\u00e9di\u00e9 \u00e0 l&rsquo;\u00e9tude de l&rsquo;Anthropoc\u00e8ne en tant qu&rsquo;unit\u00e9 de temps g\u00e9ologique.\u00a0Il a \u00e9t\u00e9 cr\u00e9e en 2009 et compte en 2020, trente-sept membres.<\/p>\r\n<p>\u00ab\u00a0L&rsquo;objectif principal de l&rsquo;AWG est de fournir des preuves scientifiques suffisamment solides pour que l&rsquo;Anthropoc\u00e8ne soit officiellement ratifi\u00e9 par l&rsquo;Union internationale des sciences g\u00e9ologiques (UISG) en tant qu&rsquo;\u00e9poque de l&rsquo;\u00e9chelle des temps g\u00e9ologiques.\u00a0\u00bb<\/p>\r\n<p>Avant la cr\u00e9ation de ce groupe de travail, aucune \u00e9tude \u00e9tait consacr\u00e9e \u00e0 l\u2019\u00e9poque de l\u2019Anthropoc\u00e8ne des l\u2019\u00e9chelle des temps g\u00e9ologiques.<\/p>\r\n<p>Paul Crutzen a pour but de d\u00e9montrer que l\u2019Anthropoc\u00e8ne est un \u00e9pisode domin\u00e9 par l\u2019homme.\u00a0Au cours des derni\u00e8res ann\u00e9es, l\u2019Anthropoc\u00e8ne fait de nombreux d\u00e9bats. Jan Zalasiewicz \u00e9crit un article expliquant la possibilit\u00e9 \u00a0\u00bb d&rsquo;amplifier et d&rsquo;\u00e9tendre la discussion sur les effets \u00e9voqu\u00e9s par Crutzen, puis d&rsquo;appliquer les m\u00eames crit\u00e8res que ceux utilis\u00e9s pour cr\u00e9er de nouvelles \u00e9poques afin de se demander s&rsquo;il est vraiment justifi\u00e9 ou n\u00e9cessaire d&rsquo;utiliser un nouveau terme, et si oui, o\u00f9 et comment sa limite pourrait \u00eatre plac\u00e9e.\u00a0\u00bb. Envisager l\u2019Anthropoc\u00e8ne comme une unit\u00e9 g\u00e9ologique.<\/p>\r\n<p>Un groupe de travail est cr\u00e9e en 2009 par la sous-commission sur la stratigraphie du Quaternaire pour examiner le tournant g\u00e9ologique dans la communaut\u00e9 scientifique.\u00a0Ce groupe de travail fait partie de trois autres groupes : celui sur la limite entre le Pl\u00e9istoc\u00e8ne et l&rsquo;Holoc\u00e8ne, le groupe de travail sur la limite entre le Pl\u00e9istoc\u00e8ne moyen et tardif et le groupe de travail sur la limite entre le Pl\u00e9istoc\u00e8ne pr\u00e9coce et moyen.<\/p>\r\n<p>L\u2019objectif consiste \u00e0 d\u00e9finir le d\u00e9but de l\u2019Anthropoc\u00e8ne, qui est une \u00e9tape d\u00e9terminante dans son processus de reconnaissance.\u00a0Le GSSP, aussi appel\u00e9 clou d&rsquo;or, d\u00e9finit les limites existant entre deux \u00e9tages g\u00e9ologiques, ne laissant pas la possibilit\u00e9 de vide ou de chevauchement entre eux. Cela signifie qu\u2019il est primordial d\u2019assigner une date de d\u00e9but pour l\u2019Anthropoc\u00e8ne pour comprendre les diff\u00e9rentes m\u00e9thodologies \u00e0 mettre en place pour cette \u00e9poque.<\/p>\r\n<p>Un recueil d\u00e9di\u00e9 \u00e0 l\u2019analyse (preuves scientifiques) de l\u2019\u00e9volution de cet \u00e9v\u00e8nement est \u00e9labor\u00e9 afin de faire reconna\u00eetre que l\u2019Anthropoc\u00e8ne est une partie distincte de l\u2019Holoc\u00e8ne.\u00a0Deux grandes questions se posent en 2019 par l\u2019AWG :<\/p>\r\n<p style=\"padding-left: 40px;\">\u00ab\u00a0<i>L&rsquo;Anthropoc\u00e8ne doit-il \u00eatre trait\u00e9 comme une unit\u00e9 chrono-stratigraphique formelle d\u00e9finie par un GSSP ?<\/i>\u00ab\u00a0.<\/p>\r\n<p style=\"padding-left: 40px;\">\u00ab\u00a0<i>Le guide principal pour la base de l&rsquo;Anthropoc\u00e8ne devrait-il \u00eatre l&rsquo;un des signaux stratigraphiques autour du milieu du vingti\u00e8me si\u00e8cle de l&rsquo;\u00e8re commune ?<\/i>\u00ab\u00a0.<\/p>\r\n<p>En 2016, le plus long m\u00e9trage documentaire sur l\u2019Anthropoc\u00e8ne est r\u00e9alis\u00e9 par sept membres \u00e9minents de l&rsquo;AWG : Erle Ellis, John McNeill, Eric Odada, Andrew Revkin, Will Steffen, Davor Vidas et Jan Zalasiewicz. Une trag\u00e9die qui sensibilise \u00e0 l\u2019environnement.<\/p>\r\n","protected":false},"excerpt":{"rendered":"<p>Working Group on the Anthropocene Le groupe de travail sur l&rsquo;Anthropoc\u00e8ne (AWG) est un groupe de recherche interdisciplinaire d\u00e9di\u00e9 \u00e0 l&rsquo;\u00e9tude de l&rsquo;Anthropoc\u00e8ne en tant qu&rsquo;unit\u00e9 de temps g\u00e9ologique.\u00a0Il a \u00e9t\u00e9 cr\u00e9e en 2009 et compte en 2020, trente-sept membres. \u00ab\u00a0L&rsquo;objectif principal de l&rsquo;AWG est de fournir des preuves scientifiques suffisamment solides pour que l&rsquo;Anthropoc\u00e8ne &hellip; <\/p>\n<p class=\"link-more\"><a href=\"https:\/\/plateformes.didactiques.mediationsemiotiques.com\/pd\/?page_id=618\" class=\"more-link\">Continuer la lecture<span class=\"screen-reader-text\"> de &laquo;&nbsp;AWG&nbsp;&raquo;<\/span><\/a><\/p>\n","protected":false},"author":1,"featured_media":0,"parent":0,"menu_order":0,"comment_status":"closed","ping_status":"closed","template":"","meta":[],"_links":{"self":[{"href":"https:\/\/plateformes.didactiques.mediationsemiotiques.com\/pd\/index.php?rest_route=\/wp\/v2\/pages\/618"}],"collection":[{"href":"https:\/\/plateformes.didactiques.mediationsemiotiques.com\/pd\/index.php?rest_route=\/wp\/v2\/pages"}],"about":[{"href":"https:\/\/plateformes.didactiques.mediationsemiotiques.com\/pd\/index.php?rest_route=\/wp\/v2\/types\/page"}],"author":[{"embeddable":true,"href":"https:\/\/plateformes.didactiques.mediationsemiotiques.com\/pd\/index.php?rest_route=\/wp\/v2\/users\/1"}],"replies":[{"embeddable":true,"href":"https:\/\/plateformes.didactiques.mediationsemiotiques.com\/pd\/index.php?rest_route=%2Fwp%2Fv2%2Fcomments&post=618"}],"version-history":[{"count":8,"href":"https:\/\/plateformes.didactiques.mediationsemiotiques.com\/pd\/index.php?rest_route=\/wp\/v2\/pages\/618\/revisions"}],"predecessor-version":[{"id":1038,"href":"https:\/\/plateformes.didactiques.mediationsemiotiques.com\/pd\/index.php?rest_route=\/wp\/v2\/pages\/618\/revisions\/1038"}],"wp:attachment":[{"href":"https:\/\/plateformes.didactiques.mediationsemiotiques.com\/pd\/index.php?rest_route=%2Fwp%2Fv2%2Fmedia&parent=618"}],"curies":[{"name":"wp","href":"https:\/\/api.w.org\/{rel}","templated":true}]}}