{"id":8,"date":"2021-03-03T12:33:42","date_gmt":"2021-03-03T11:33:42","guid":{"rendered":"http:\/\/plateformes.didactiques.mediationsemiotiques.com\/pd\/?page_id=8"},"modified":"2021-03-26T09:03:29","modified_gmt":"2021-03-26T08:03:29","slug":"accueil","status":"publish","type":"page","link":"https:\/\/plateformes.didactiques.mediationsemiotiques.com\/pd\/","title":{"rendered":"La Terre est un \u00eatre vivant : face \u00e0 Ga\u00efa"},"content":{"rendered":"<figure id=\"attachment_300\" aria-describedby=\"caption-attachment-300\" style=\"width: 357px\" class=\"wp-caption alignnone\"><img loading=\"lazy\" class=\" wp-image-300\" src=\"https:\/\/plateformes.didactiques.mediationsemiotiques.com\/pd\/wp-content\/uploads\/2021\/03\/Face_a_Face-300x192.png\" alt=\"\" width=\"357\" height=\"228\" srcset=\"https:\/\/plateformes.didactiques.mediationsemiotiques.com\/pd\/wp-content\/uploads\/2021\/03\/Face_a_Face-300x192.png 300w, https:\/\/plateformes.didactiques.mediationsemiotiques.com\/pd\/wp-content\/uploads\/2021\/03\/Face_a_Face-1024x657.png 1024w, https:\/\/plateformes.didactiques.mediationsemiotiques.com\/pd\/wp-content\/uploads\/2021\/03\/Face_a_Face-768x493.png 768w, https:\/\/plateformes.didactiques.mediationsemiotiques.com\/pd\/wp-content\/uploads\/2021\/03\/Face_a_Face-1536x985.png 1536w, https:\/\/plateformes.didactiques.mediationsemiotiques.com\/pd\/wp-content\/uploads\/2021\/03\/Face_a_Face-2048x1313.png 2048w\" sizes=\"(max-width: 357px) 100vw, 357px\" \/><figcaption id=\"caption-attachment-300\" class=\"wp-caption-text\">Quand l&rsquo;histoire des humains interf\u00e8re avec l&rsquo;histoire de la Terre<\/figcaption><\/figure>\n","protected":false},"excerpt":{"rendered":"","protected":false},"author":1,"featured_media":0,"parent":0,"menu_order":0,"comment_status":"closed","ping_status":"closed","template":"","meta":[],"_links":{"self":[{"href":"https:\/\/plateformes.didactiques.mediationsemiotiques.com\/pd\/index.php?rest_route=\/wp\/v2\/pages\/8"}],"collection":[{"href":"https:\/\/plateformes.didactiques.mediationsemiotiques.com\/pd\/index.php?rest_route=\/wp\/v2\/pages"}],"about":[{"href":"https:\/\/plateformes.didactiques.mediationsemiotiques.com\/pd\/index.php?rest_route=\/wp\/v2\/types\/page"}],"author":[{"embeddable":true,"href":"https:\/\/plateformes.didactiques.mediationsemiotiques.com\/pd\/index.php?rest_route=\/wp\/v2\/users\/1"}],"replies":[{"embeddable":true,"href":"https:\/\/plateformes.didactiques.mediationsemiotiques.com\/pd\/index.php?rest_route=%2Fwp%2Fv2%2Fcomments&post=8"}],"version-history":[{"count":63,"href":"https:\/\/plateformes.didactiques.mediationsemiotiques.com\/pd\/index.php?rest_route=\/wp\/v2\/pages\/8\/revisions"}],"predecessor-version":[{"id":741,"href":"https:\/\/plateformes.didactiques.mediationsemiotiques.com\/pd\/index.php?rest_route=\/wp\/v2\/pages\/8\/revisions\/741"}],"wp:attachment":[{"href":"https:\/\/plateformes.didactiques.mediationsemiotiques.com\/pd\/index.php?rest_route=%2Fwp%2Fv2%2Fmedia&parent=8"}],"curies":[{"name":"wp","href":"https:\/\/api.w.org\/{rel}","templated":true}]}}