{"id":954,"date":"2021-04-24T11:01:39","date_gmt":"2021-04-24T09:01:39","guid":{"rendered":"https:\/\/plateformes.didactiques.mediationsemiotiques.com\/pd\/?page_id=954"},"modified":"2025-05-21T08:45:28","modified_gmt":"2025-05-21T06:45:28","slug":"scenarios","status":"publish","type":"page","link":"https:\/\/plateformes.didactiques.mediationsemiotiques.com\/pd\/?page_id=954","title":{"rendered":"Sc\u00e9narios"},"content":{"rendered":"<p>Comment imaginer l&rsquo;avenir ? Les \u00e9tudes scientifiques sur les condition de la plan\u00e8te nous aident \u00e0 formuler des pr\u00e9vision et des sc\u00e9narios. La fin de l&rsquo;Anthropoc\u00e8ne pourrait \u00eatre une nouvelle \u00e8re o\u00f9 les d\u00e9cisions et les transformations qui s&rsquo;en suivent ne sont plus le produite de l&rsquo;activit\u00e9 humaine mais celle des choix op\u00e9r\u00e9s par l&rsquo;Intelligence artificielle et la bio-robotique.<\/p>\n<p>Cette nouvelle \u00e8re on pourrait alors l&rsquo;appeler : <br \/>\nl&rsquo;<strong>Artic\u00e8ne\u00a0<\/strong>(ARTificial Intelligence + le suffixe de l&rsquo;\u00e8re \u00ab\u00a0-c\u00e8ne\u00a0\u00bb = \u00ab\u00a0l&rsquo;\u00e8re des IA\u00a0\u00bb)<\/p>\n","protected":false},"excerpt":{"rendered":"<p>Comment imaginer l&rsquo;avenir ? Les \u00e9tudes scientifiques sur les condition de la plan\u00e8te nous aident \u00e0 formuler des pr\u00e9vision et des sc\u00e9narios. La fin de l&rsquo;Anthropoc\u00e8ne pourrait \u00eatre une nouvelle \u00e8re o\u00f9 les d\u00e9cisions et les transformations qui s&rsquo;en suivent ne sont plus le produite de l&rsquo;activit\u00e9 humaine mais celle des choix op\u00e9r\u00e9s par l&rsquo;Intelligence &hellip; <\/p>\n<p class=\"link-more\"><a href=\"https:\/\/plateformes.didactiques.mediationsemiotiques.com\/pd\/?page_id=954\" class=\"more-link\">Continuer la lecture<span class=\"screen-reader-text\"> de &laquo;&nbsp;Sc\u00e9narios&nbsp;&raquo;<\/span><\/a><\/p>\n","protected":false},"author":1,"featured_media":0,"parent":0,"menu_order":0,"comment_status":"closed","ping_status":"closed","template":"","meta":[],"_links":{"self":[{"href":"https:\/\/plateformes.didactiques.mediationsemiotiques.com\/pd\/index.php?rest_route=\/wp\/v2\/pages\/954"}],"collection":[{"href":"https:\/\/plateformes.didactiques.mediationsemiotiques.com\/pd\/index.php?rest_route=\/wp\/v2\/pages"}],"about":[{"href":"https:\/\/plateformes.didactiques.mediationsemiotiques.com\/pd\/index.php?rest_route=\/wp\/v2\/types\/page"}],"author":[{"embeddable":true,"href":"https:\/\/plateformes.didactiques.mediationsemiotiques.com\/pd\/index.php?rest_route=\/wp\/v2\/users\/1"}],"replies":[{"embeddable":true,"href":"https:\/\/plateformes.didactiques.mediationsemiotiques.com\/pd\/index.php?rest_route=%2Fwp%2Fv2%2Fcomments&post=954"}],"version-history":[{"count":4,"href":"https:\/\/plateformes.didactiques.mediationsemiotiques.com\/pd\/index.php?rest_route=\/wp\/v2\/pages\/954\/revisions"}],"predecessor-version":[{"id":1249,"href":"https:\/\/plateformes.didactiques.mediationsemiotiques.com\/pd\/index.php?rest_route=\/wp\/v2\/pages\/954\/revisions\/1249"}],"wp:attachment":[{"href":"https:\/\/plateformes.didactiques.mediationsemiotiques.com\/pd\/index.php?rest_route=%2Fwp%2Fv2%2Fmedia&parent=954"}],"curies":[{"name":"wp","href":"https:\/\/api.w.org\/{rel}","templated":true}]}}